{"id":9473,"date":"2014-09-28T00:23:46","date_gmt":"2014-09-28T03:23:46","guid":{"rendered":"http:\/\/lawyers-attorneys.vamtam.com\/?page_id=9473"},"modified":"2023-06-06T16:33:09","modified_gmt":"2023-06-06T19:33:09","slug":"attorney-at-law-cristian-campusano-becker","status":"publish","type":"page","link":"https:\/\/www.beckerabogados.cl\/en\/about-us\/attorney-at-law-cristian-campusano-becker\/","title":{"rendered":"Christian Becker"},"content":{"rendered":"<div class=\"row \"><div class=\"wpv-grid grid-2-3  wpv-first-level first has-background unextended\" style=\"\n\t\t\t\tbackground: url( 'https:\/\/www.beckerabogados.cl\/wp-content\/uploads\/2014\/04\/campusano_bw.jpg' ) no-repeat center top;\n\t\t\t\tbackground-size: auto;\n\t\t\tpadding-top:400px;padding-bottom:0px\" id=\"wpv-column-3d56c7339e4603c1abe768ae5abda7fb\" ><\/div>\n<div class=\"wpv-grid grid-1-3 add-border wpv-first-level unextended\" style=\"padding-top:0px;padding-bottom:0px\" id=\"wpv-column-39702dfee380854f52f93c1484072fce\" ><div class=\"row \"><div class=\"wpv-grid grid-1-1  first unextended\" style=\"padding-top:0px;padding-bottom:0px\" id=\"wpv-column-1ca06e6de812af79b4227e0c95c52e9c\" ><h4 style=\"padding-left: 20px;\">CONTACT<\/h4>\n<p style=\"padding-left: 20px;\"><a title=\"Call Rub\u00e9n P\u00e9rez\" href=\"tel:Tel: 56 2 2882 0057\">Tel: 56-2-2882-0057<\/a><br \/>\n<a title=\"email Christian Becker\" href=\"mailto:ccampusano@beckerabogados.cl\">ccampusano@beckerabogados.cl<\/a><\/p>\n<p style=\"padding-left: 20px;\"><a href=\"https:\/\/www.facebook.com\/AbogadosBecker\/\"> <span class='icon shortcode   use-hover' style='font-size:16px !important;color:#cca876;'>&#58155;<\/span><\/a> <a href=\"https:\/\/twitter.com\/Becker_Abogados\"><span class='icon shortcode   use-hover' style='font-size:16px !important;color:#cca876;'>&#58159;<\/span><\/a> <a href=\"http:\/\/www.linkedin.com\/in\/attorney-christian-becker\"><span class='icon shortcode theme  use-hover' style='font-size:16px !important;color:#cca876;'>&#58904;<\/span><\/a><br \/>\n<div class=\"push\" style='height:10px'><\/div>\n<h4 style=\"padding-left: 20px; text-align: left;\">AREAS OF PRACTICE<\/h4>\n<p style=\"padding-left: 20px; text-align: left;\"><a href=\"https:\/\/www.beckerabogados.cl\/en\/corporate-law\/\">Corporate Law \u2192<\/a><br \/>\n<a href=\"https:\/\/www.beckerabogados.cl\/en\/complex-litigation\/\">Complex Litigation \u2192<\/a><\/p>\n<div class=\"push\" style='height:10px'><\/div>\n<h4 style=\"padding-left: 20px; text-align: left;\">EDUCATION<\/h4>\n<ul>\n<li><span class=\"tlid-translation translation\" lang=\"en\"><span class=\"\" title=\"\">Universidad de Concepci\u00f3n (2011): Law<\/span><\/span><\/li>\n<li><span class=\"tlid-translation translation\" lang=\"en\"><span class=\"\" title=\"\">North Carolina State University (2012): Economic Law<\/span><br \/>\n<\/span><\/li>\n<li><span class=\"tlid-translation translation\" lang=\"en\"><span class=\"\" title=\"\">Pontificia Universidad Cat\u00f3lica de Chile (2015): Litigation<\/span><br \/>\n<\/span><\/li>\n<li><span class=\"tlid-translation translation\" lang=\"en\"><span class=\"\" title=\"\">Pontificia Universidad Cat\u00f3lica de Chile (2017): Compliance<\/span><\/span><\/li>\n<\/ul>\n<p style=\"padding-left: 20px; text-align: left;\"><div class=\"push\" style='height:10px'><\/div>\n<h4 style=\"padding-left: 20px; text-align: left;\">LANGUAGES<\/h4>\n<ul>\n<li style=\"text-align: left;\"><a href=\"https:\/\/www.gov.uk\/government\/publications\/chile-list-of-lawyers\/list-of-lawyers-in-santiago\">English<\/a><\/li>\n<li>Spanish<\/li>\n<\/ul><\/div><\/div><\/div><\/div>\n<div class=\"push\" style='height:50px'><\/div>\n<div class=\"row \"><div class=\"wpv-grid grid-1-1  wpv-first-level first unextended\" style=\"padding-top:0px;padding-bottom:0px\" id=\"wpv-column-5a2b1f7407f8093475caaea6734e39b3\" ><p style=\"text-align: justify;\"><div class=\"clearfix dropcap-wrapper\"><div class=\"dropcap-left\"><span class='dropcap1 '>C<\/span><\/div><div class=\"dropcap-text\">CAREER<\/div> <\/div>\n<div class=\"push\" style='height:20px'><\/div>\n<h3>Law at the University of Concepci\u00f3n (2006 &#8211; 2011):<\/h3>\n<p>In 2006 Christian managed to enter the <a href=\"http:\/\/udec.cl\/pexterno\/\">Universidad de Concepci\u00f3n<\/a> to study Law, where he achieved to be an assistant student of Daniel Pe\u00f1ailillo, now a member of the <strong>Supreme Court of Chile<\/strong>.<br \/>\nIn addition to receiving various scholarships for his performance, he managed to be a <strong>top 10 student<\/strong> of his generation, out of a total of 150.<br \/>\n.<\/p>\n<h3>Specialization in other Universities (2012 &#8211; 2017):<\/h3>\n<p>In <strong>2012<\/strong>, he studied Constitutional Law and Economic Law at <a href=\"https:\/\/www.ncsu.edu\/\">North Carolina State University<\/a>. In <strong>2015<\/strong>, he studied a Diploma in Litigation. In <strong>2017<\/strong>, a Diploma of Compliance. Both studies are carried out at the <a href=\"http:\/\/derecho.uc.cl\/\">Pontificia Universidad Cat\u00f3lica de Chile<\/a>.<br \/>\n.<\/p>\n<h3>Professional Experience (2014 &#8211; 2019):<\/h3>\n<p>Christian is a Lawyer with extensive experience in Labor Litigation in Inferior and Superior Courts of the Country, including the Court of Appeals of Santiago.<br \/>\nIn the last time, Christian has acquired a vast experience in Cyber Security Compliance and Insurance, advising both national and foreign companies.<br \/>\nCurrently, he focuses his professional practice in providing corporate advisory services in Cyber Security and Insurance to large companies and public entities.<br \/>\n.<\/p>\n<h3>Memberships and skills:<\/h3>\n<p>Since 2015 he is a member of the <a href=\"https:\/\/colegioabogados.cl\/\">Chilean Bar Association<\/a>; therefore he must comply with the Code of Ethics and the Court of the Bar.<br \/>\n<a href=\"https:\/\/www.gov.uk\/government\/publications\/chile-list-of-lawyers\/list-of-lawyers-in-santiago\">He is fluent in English and is authorized by the Embassy of England in Chile to provide legal advice in such language.<\/a><\/p>\n<h3><\/h3><\/div><\/div>\n\t\t<div class=\"sep-text single centered\">\n\t\t\t\t\t\t\t<span class=\"sep-text-before\"><div class=\"sep-text-line\"><\/div><\/span>\n\t\t\t\t\t\t<div class=\"content\">\n\t\t\t\t\n<h4>REVIEWS<\/h4>\n\t\t\t<\/div>\n\t\t\t<span class=\"sep-text-after\"><div class=\"sep-text-line\"><\/div><\/span>\n\t\t\t\t\t<\/div>\n\t\n<div class=\"row \"><div class=\"wpv-grid grid-1-1  wpv-first-level first unextended\" style=\"padding-top:0px;padding-bottom:0px\" id=\"wpv-column-ca5c2a71704be04815710eea5b034909\" ><p><img loading=\"lazy\" decoding=\"async\" class=\"size-full wp-image-11101 aligncenter\" src=\"https:\/\/www.beckerabogados.cl\/en\/wp-content\/uploads\/2019\/03\/Screen-Shot-2019-03-23-at-10.35.07-AM.png\" alt=\"\" width=\"749\" height=\"540\" srcset=\"https:\/\/www.beckerabogados.cl\/en\/wp-content\/uploads\/2019\/03\/Screen-Shot-2019-03-23-at-10.35.07-AM.png 749w, https:\/\/www.beckerabogados.cl\/en\/wp-content\/uploads\/2019\/03\/Screen-Shot-2019-03-23-at-10.35.07-AM-300x216.png 300w, https:\/\/www.beckerabogados.cl\/en\/wp-content\/uploads\/2019\/03\/Screen-Shot-2019-03-23-at-10.35.07-AM-600x433.png 600w, https:\/\/www.beckerabogados.cl\/en\/wp-content\/uploads\/2019\/03\/Screen-Shot-2019-03-23-at-10.35.07-AM-555x400.png 555w, https:\/\/www.beckerabogados.cl\/en\/wp-content\/uploads\/2019\/03\/Screen-Shot-2019-03-23-at-10.35.07-AM-360x260.png 360w, https:\/\/www.beckerabogados.cl\/en\/wp-content\/uploads\/2019\/03\/Screen-Shot-2019-03-23-at-10.35.07-AM-262x189.png 262w\" sizes=\"auto, (max-width: 749px) 100vw, 749px\" \/> <img loading=\"lazy\" decoding=\"async\" class=\"aligncenter wp-image-11099 size-large\" src=\"https:\/\/www.beckerabogados.cl\/en\/wp-content\/uploads\/2019\/03\/Screen-Shot-2019-03-16-at-7.50.50-PM-926x1024.jpg\" alt=\"\" width=\"926\" height=\"1024\" srcset=\"https:\/\/www.beckerabogados.cl\/en\/wp-content\/uploads\/2019\/03\/Screen-Shot-2019-03-16-at-7.50.50-PM-926x1024.jpg 926w, https:\/\/www.beckerabogados.cl\/en\/wp-content\/uploads\/2019\/03\/Screen-Shot-2019-03-16-at-7.50.50-PM-271x300.jpg 271w, https:\/\/www.beckerabogados.cl\/en\/wp-content\/uploads\/2019\/03\/Screen-Shot-2019-03-16-at-7.50.50-PM-768x849.jpg 768w, https:\/\/www.beckerabogados.cl\/en\/wp-content\/uploads\/2019\/03\/Screen-Shot-2019-03-16-at-7.50.50-PM-600x663.jpg 600w, https:\/\/www.beckerabogados.cl\/en\/wp-content\/uploads\/2019\/03\/Screen-Shot-2019-03-16-at-7.50.50-PM-1140x1260.jpg 1140w, https:\/\/www.beckerabogados.cl\/en\/wp-content\/uploads\/2019\/03\/Screen-Shot-2019-03-16-at-7.50.50-PM-555x614.jpg 555w, https:\/\/www.beckerabogados.cl\/en\/wp-content\/uploads\/2019\/03\/Screen-Shot-2019-03-16-at-7.50.50-PM-360x398.jpg 360w, https:\/\/www.beckerabogados.cl\/en\/wp-content\/uploads\/2019\/03\/Screen-Shot-2019-03-16-at-7.50.50-PM-262x290.jpg 262w, https:\/\/www.beckerabogados.cl\/en\/wp-content\/uploads\/2019\/03\/Screen-Shot-2019-03-16-at-7.50.50-PM.jpg 1306w\" sizes=\"auto, (max-width: 926px) 100vw, 926px\" \/> <img loading=\"lazy\" decoding=\"async\" class=\"aligncenter wp-image-11098 size-large\" src=\"https:\/\/www.beckerabogados.cl\/en\/wp-content\/uploads\/2019\/03\/Screen-Shot-2019-03-16-at-7.50.57-PM-1024x498.jpg\" alt=\"\" width=\"1024\" height=\"498\" srcset=\"https:\/\/www.beckerabogados.cl\/en\/wp-content\/uploads\/2019\/03\/Screen-Shot-2019-03-16-at-7.50.57-PM-1024x498.jpg 1024w, https:\/\/www.beckerabogados.cl\/en\/wp-content\/uploads\/2019\/03\/Screen-Shot-2019-03-16-at-7.50.57-PM-300x146.jpg 300w, https:\/\/www.beckerabogados.cl\/en\/wp-content\/uploads\/2019\/03\/Screen-Shot-2019-03-16-at-7.50.57-PM-768x373.jpg 768w, https:\/\/www.beckerabogados.cl\/en\/wp-content\/uploads\/2019\/03\/Screen-Shot-2019-03-16-at-7.50.57-PM-600x292.jpg 600w, https:\/\/www.beckerabogados.cl\/en\/wp-content\/uploads\/2019\/03\/Screen-Shot-2019-03-16-at-7.50.57-PM-1140x554.jpg 1140w, https:\/\/www.beckerabogados.cl\/en\/wp-content\/uploads\/2019\/03\/Screen-Shot-2019-03-16-at-7.50.57-PM-555x270.jpg 555w, https:\/\/www.beckerabogados.cl\/en\/wp-content\/uploads\/2019\/03\/Screen-Shot-2019-03-16-at-7.50.57-PM-360x175.jpg 360w, https:\/\/www.beckerabogados.cl\/en\/wp-content\/uploads\/2019\/03\/Screen-Shot-2019-03-16-at-7.50.57-PM-262x127.jpg 262w, https:\/\/www.beckerabogados.cl\/en\/wp-content\/uploads\/2019\/03\/Screen-Shot-2019-03-16-at-7.50.57-PM.jpg 1300w\" sizes=\"auto, (max-width: 1024px) 100vw, 1024px\" \/><\/div><\/div>\n<div class=\"row \"><div class=\"wpv-grid grid-1-1  wpv-first-level first unextended animation-from-bottom animated-active\" style=\"padding-top:15px;padding-bottom:60px\" id=\"wpv-column-614e79e3bb2c9cf2ab16130658e3f880\" >\t\t<div class=\"sep-text single centered\">\n\t\t\t\t\t\t\t<span class=\"sep-text-before\"><div class=\"sep-text-line\"><\/div><\/span>\n\t\t\t\t\t\t<div class=\"content\">\n\t\t\t\t<h2 class=\"text-divider-double\">CONTACT<\/h2>\t\t\t<\/div>\n\t\t\t<span class=\"sep-text-after\"><div class=\"sep-text-line\"><\/div><\/span>\n\t\t\t\t\t<\/div>\n\t<div class=\"push\" style='height:10px'><\/div>\n<div class=\"row \"><div class=\"wpv-grid grid-1-1  first unextended\" style=\"padding-top:0px;padding-bottom:0px\" id=\"wpv-column-49330026fab111ab92fb3379c52d36b9\" ><p>\n<div class=\"wpcf7 no-js\" id=\"wpcf7-f9476-o1\" lang=\"en-US\" dir=\"ltr\" data-wpcf7-id=\"9476\">\n<div class=\"screen-reader-response\"><p role=\"status\" aria-live=\"polite\" aria-atomic=\"true\"><\/p> <ul><\/ul><\/div>\n<form action=\"\/en\/wp-json\/wp\/v2\/pages\/9473#wpcf7-f9476-o1\" method=\"post\" class=\"wpcf7-form init\" aria-label=\"Contact form\" novalidate=\"novalidate\" data-status=\"init\">\n<fieldset class=\"hidden-fields-container\"><input type=\"hidden\" name=\"_wpcf7\" value=\"9476\" \/><input type=\"hidden\" name=\"_wpcf7_version\" value=\"6.1.5\" \/><input type=\"hidden\" name=\"_wpcf7_locale\" value=\"en_US\" \/><input type=\"hidden\" name=\"_wpcf7_unit_tag\" value=\"wpcf7-f9476-o1\" \/><input type=\"hidden\" name=\"_wpcf7_container_post\" value=\"0\" \/><input type=\"hidden\" name=\"_wpcf7_posted_data_hash\" value=\"\" \/><input type=\"hidden\" name=\"_wpcf7_recaptcha_response\" value=\"\" \/>\n<\/fieldset>\n<div class=\"row\">\n\t<div class=\"grid-1-3\">\n\t\t<p><span class=\"wpcf7-form-control-wrap\" data-name=\"name-508\"><input size=\"40\" maxlength=\"400\" class=\"wpcf7-form-control wpcf7-text wpcf7-validates-as-required\" aria-required=\"true\" aria-invalid=\"false\" placeholder=\"Name\" value=\"\" type=\"text\" name=\"name-508\" \/><\/span>\n\t\t<\/p>\n\t<\/div>\n\t<div class=\"grid-1-3\">\n\t\t<p><span class=\"wpcf7-form-control-wrap\" data-name=\"e-mail-508\"><input size=\"40\" maxlength=\"400\" class=\"wpcf7-form-control wpcf7-email wpcf7-validates-as-required wpcf7-text wpcf7-validates-as-email\" aria-required=\"true\" aria-invalid=\"false\" placeholder=\"E-mail\" value=\"\" type=\"email\" name=\"e-mail-508\" \/><\/span>\n\t\t<\/p>\n\t<\/div>\n\t<div class=\"grid-1-3\">\n\t\t<p><span class=\"wpcf7-form-control-wrap\" data-name=\"phone-508\"><input size=\"40\" maxlength=\"400\" class=\"wpcf7-form-control wpcf7-text wpcf7-validates-as-required\" aria-required=\"true\" aria-invalid=\"false\" placeholder=\"Phone\" value=\"\" type=\"text\" name=\"phone-508\" \/><\/span>\n\t\t<\/p>\n\t<\/div>\n\t<div class=\"grid-1-1\">\n\t\t<p><span class=\"wpcf7-form-control-wrap\" data-name=\"message-508\"><textarea cols=\"40\" rows=\"7\" maxlength=\"2000\" class=\"wpcf7-form-control wpcf7-textarea wpcf7-validates-as-required\" aria-required=\"true\" aria-invalid=\"false\" placeholder=\"Message...\" name=\"message-508\"><\/textarea><\/span>\n\t\t<\/p>\n\t<\/div>\n\t<div class=\"grid-1-1\">\n\t\t<p><input class=\"wpcf7-form-control wpcf7-submit has-spinner\" type=\"submit\" value=\"Send\u2192\" \/>\n\t\t<\/p>\n\t<\/div>\n<\/div><div class=\"wpcf7-response-output\" aria-hidden=\"true\"><\/div>\n<\/form>\n<\/div>\n<\/div><\/div><\/div><\/div>\n","protected":false},"excerpt":{"rendered":"<p>CONTACT Tel: 56-2-2882-0057 ccampusano@beckerabogados.cl AREAS OF PRACTICE Corporate Law \u2192 Complex Litigation \u2192 EDUCATION Universidad de Concepci\u00f3n (2011): Law North Carolina State University (2012): Economic Law Pontificia Universidad Cat\u00f3lica de Chile (2015): Litigation Pontificia Universidad Cat\u00f3lica de Chile (2017): Compliance LANGUAGES English Spanish Law at the University of Concepci\u00f3n (2006 &#8211; 2011): In 2006 Christian&#8230;<\/p>\n","protected":false},"author":4,"featured_media":0,"parent":9711,"menu_order":0,"comment_status":"closed","ping_status":"closed","template":"","meta":{"footnotes":""},"class_list":["post-9473","page","type-page","status-publish","hentry"],"_links":{"self":[{"href":"https:\/\/www.beckerabogados.cl\/en\/wp-json\/wp\/v2\/pages\/9473","targetHints":{"allow":["GET"]}}],"collection":[{"href":"https:\/\/www.beckerabogados.cl\/en\/wp-json\/wp\/v2\/pages"}],"about":[{"href":"https:\/\/www.beckerabogados.cl\/en\/wp-json\/wp\/v2\/types\/page"}],"author":[{"embeddable":true,"href":"https:\/\/www.beckerabogados.cl\/en\/wp-json\/wp\/v2\/users\/4"}],"replies":[{"embeddable":true,"href":"https:\/\/www.beckerabogados.cl\/en\/wp-json\/wp\/v2\/comments?post=9473"}],"version-history":[{"count":40,"href":"https:\/\/www.beckerabogados.cl\/en\/wp-json\/wp\/v2\/pages\/9473\/revisions"}],"predecessor-version":[{"id":11496,"href":"https:\/\/www.beckerabogados.cl\/en\/wp-json\/wp\/v2\/pages\/9473\/revisions\/11496"}],"up":[{"embeddable":true,"href":"https:\/\/www.beckerabogados.cl\/en\/wp-json\/wp\/v2\/pages\/9711"}],"wp:attachment":[{"href":"https:\/\/www.beckerabogados.cl\/en\/wp-json\/wp\/v2\/media?parent=9473"}],"curies":[{"name":"wp","href":"https:\/\/api.w.org\/{rel}","templated":true}]}}